{"id":645,"date":"2017-04-07T08:31:45","date_gmt":"2017-04-07T05:31:45","guid":{"rendered":"http:\/\/www.seikkailupuistohuikia.fi\/seikkailijoille\/hinnasto\/"},"modified":"2023-10-13T13:27:56","modified_gmt":"2023-10-13T10:27:56","slug":"hinnasto","status":"publish","type":"page","link":"https:\/\/www.seikkailupuistohuikia.fi\/en\/seikkailijoille\/hinnasto\/","title":{"rendered":"Prices"},"content":{"rendered":"<h1>Prices<\/h1>\n<p><strong>Canopy tracks for over 125cm<\/strong><br \/>\n29 \u20ac<\/p>\n<p><strong>Children\u2019s tracks 90-130cm<\/strong><br \/>\n18 \u20ac (Children\u2019s ticket is for the lower tracks only)<\/p>\n<p><strong>Retirees, students, servicemen<\/strong><br \/>\n25 \u20ac<\/p>\n<p><strong>Gloves<\/strong><br \/>\n3,50 \u20ac<\/p>\n<p><strong>Payment options<\/strong><\/p>\n<ul>\n<li>Cash and common payment cards<\/li>\n<li>ePassi and Tyky-Online<\/li>\n<li>Smartum \/Edenred -cash slips and cards<\/li>\n<\/ul>\n<p>An entrance ticket is not required for the park area.<\/p>\n<p>The entrance ticket includes the instruction session and the climbing equipment (harness+helmet). The ticket allows use of the adventure park tracks for one day during the park\u2019s opening hours. Reserve at least two &#8212; three hours for your adventure. (During hour busy hours, the maximum adventure time is three hours). One can not leave the premises with the climbing equipment during their adventure. The ticket expires when equipment is returned.<\/p>\n<p>&nbsp;<\/p>\n<h3>GIFTCARDS MAY BE PURCHASED FROM OUR <a href=\"https:\/\/holvi.com\/shop\/seikkailupuistohuikia\/\" target=\"_blank\" rel=\"noopener noreferrer\">ONLINE STORE<\/a> OR FROM OUR ON SITE TICKET SALES AT THE ADVENTURE PARK<\/h3>\n<p>&nbsp;<\/p>\n<h3>INSTRUCTIONS FOR THE GUARDIAN!<\/h3>\n<ul>\n<li>Children 15 years of age or older may climb without adult supervision, but must have a<br \/>\nguardian signed\u00a0<a href=\"http:\/\/www.seikkailupuistohuikia.fi\/wp-content\/uploads\/2017\/04\/huikia-saannot.pdf\">park rules permission form<\/a> arrival to the park.<\/li>\n<li>Children between the ages 11-14 may climb independently, but a responsible adult or guardian must be at least nearby on the ground. The responsible adult should read the <a href=\"http:\/\/www.seikkailupuistohuikia.fi\/wp-content\/uploads\/2017\/04\/huikia-saannot.pdf\">park rules permission form<\/a> with the child.<\/li>\n<li>Children under 11 years old can only climb in the park with a responsible adult or guardian.<\/li>\n<li>Height requirement for the lower tracks is 90cm and for the higher tracks, about 125cm.The responsible adult estimates the child\u2019s ability to climb.<\/li>\n<li>Adventurers are required to wear gloves. If you don&#8217;t have your own, you can buy them from the park caf\u00e9 for 3,50 \u20ac.<\/li>\n<\/ul>\n","protected":false},"excerpt":{"rendered":"<p>Prices Canopy tracks for over 125cm 29 \u20ac Children\u2019s tracks 90-130cm 18 \u20ac (Children\u2019s ticket is for the lower tracks only) Retirees, students, servicemen 25 \u20ac Gloves 3,50 \u20ac Payment options Cash and common payment cards ePassi and Tyky-Online Smartum \/Edenred -cash slips and cards An entrance ticket is not required for the park area. [&hellip;]<\/p>\n","protected":false},"author":1,"featured_media":0,"parent":614,"menu_order":1,"comment_status":"closed","ping_status":"closed","template":"","meta":[],"acf":[],"yoast_head":"<!-- This site is optimized with the Yoast SEO plugin v20.7 - https:\/\/yoast.com\/wordpress\/plugins\/seo\/ -->\n<title>Seikkailupuisto Huikia Oulussa - Hinnasto<\/title>\n<meta name=\"description\" content=\"Seikkailupuisto Huikian kertalippu oikeuttaa k\u00e4ytt\u00e4m\u00e4\u00e4n seikkailupuiston ratoja yhten\u00e4 p\u00e4iv\u00e4n\u00e4 puiston aukioloaikana. Tervetuloa!\" \/>\n<meta name=\"robots\" content=\"index, follow, max-snippet:-1, max-image-preview:large, max-video-preview:-1\" \/>\n<link rel=\"canonical\" href=\"https:\/\/www.seikkailupuistohuikia.fi\/en\/seikkailijoille\/hinnasto\/\" \/>\n<meta property=\"og:locale\" content=\"en_US\" \/>\n<meta property=\"og:type\" content=\"article\" \/>\n<meta property=\"og:title\" content=\"Seikkailupuisto Huikia Oulussa - Hinnasto\" \/>\n<meta property=\"og:description\" content=\"Seikkailupuisto Huikian kertalippu oikeuttaa k\u00e4ytt\u00e4m\u00e4\u00e4n seikkailupuiston ratoja yhten\u00e4 p\u00e4iv\u00e4n\u00e4 puiston aukioloaikana. Tervetuloa!\" \/>\n<meta property=\"og:url\" content=\"https:\/\/www.seikkailupuistohuikia.fi\/en\/seikkailijoille\/hinnasto\/\" \/>\n<meta property=\"og:site_name\" content=\"Seikkailupuisto Huikia\" \/>\n<meta property=\"article:publisher\" content=\"https:\/\/www.facebook.com\/seikkailupuistohuikia\/\" \/>\n<meta property=\"article:modified_time\" content=\"2023-10-13T10:27:56+00:00\" \/>\n<meta name=\"twitter:card\" content=\"summary_large_image\" \/>\n<meta name=\"twitter:label1\" content=\"Est. reading time\" \/>\n\t<meta name=\"twitter:data1\" content=\"2 minutes\" \/>\n<script type=\"application\/ld+json\" class=\"yoast-schema-graph\">{\"@context\":\"https:\/\/schema.org\",\"@graph\":[{\"@type\":\"WebPage\",\"@id\":\"https:\/\/www.seikkailupuistohuikia.fi\/en\/seikkailijoille\/hinnasto\/\",\"url\":\"https:\/\/www.seikkailupuistohuikia.fi\/en\/seikkailijoille\/hinnasto\/\",\"name\":\"Seikkailupuisto Huikia Oulussa - Hinnasto\",\"isPartOf\":{\"@id\":\"https:\/\/www.seikkailupuistohuikia.fi\/#website\"},\"datePublished\":\"2017-04-07T05:31:45+00:00\",\"dateModified\":\"2023-10-13T10:27:56+00:00\",\"description\":\"Seikkailupuisto Huikian kertalippu oikeuttaa k\u00e4ytt\u00e4m\u00e4\u00e4n seikkailupuiston ratoja yhten\u00e4 p\u00e4iv\u00e4n\u00e4 puiston aukioloaikana. Tervetuloa!\",\"breadcrumb\":{\"@id\":\"https:\/\/www.seikkailupuistohuikia.fi\/en\/seikkailijoille\/hinnasto\/#breadcrumb\"},\"inLanguage\":\"en-US\",\"potentialAction\":[{\"@type\":\"ReadAction\",\"target\":[\"https:\/\/www.seikkailupuistohuikia.fi\/en\/seikkailijoille\/hinnasto\/\"]}]},{\"@type\":\"BreadcrumbList\",\"@id\":\"https:\/\/www.seikkailupuistohuikia.fi\/en\/seikkailijoille\/hinnasto\/#breadcrumb\",\"itemListElement\":[{\"@type\":\"ListItem\",\"position\":1,\"name\":\"Home\",\"item\":\"https:\/\/www.seikkailupuistohuikia.fi\/en\/\"},{\"@type\":\"ListItem\",\"position\":2,\"name\":\"For the adventurer\",\"item\":\"https:\/\/www.seikkailupuistohuikia.fi\/en\/seikkailijoille\/\"},{\"@type\":\"ListItem\",\"position\":3,\"name\":\"Prices\"}]},{\"@type\":\"WebSite\",\"@id\":\"https:\/\/www.seikkailupuistohuikia.fi\/#website\",\"url\":\"https:\/\/www.seikkailupuistohuikia.fi\/\",\"name\":\"Seikkailupuisto Huikia\",\"description\":\"Seikkailupuisto\",\"publisher\":{\"@id\":\"https:\/\/www.seikkailupuistohuikia.fi\/#organization\"},\"potentialAction\":[{\"@type\":\"SearchAction\",\"target\":{\"@type\":\"EntryPoint\",\"urlTemplate\":\"https:\/\/www.seikkailupuistohuikia.fi\/?s={search_term_string}\"},\"query-input\":\"required name=search_term_string\"}],\"inLanguage\":\"en-US\"},{\"@type\":\"Organization\",\"@id\":\"https:\/\/www.seikkailupuistohuikia.fi\/#organization\",\"name\":\"Seikkailupuisto Huikia Oy\",\"url\":\"https:\/\/www.seikkailupuistohuikia.fi\/\",\"logo\":{\"@type\":\"ImageObject\",\"inLanguage\":\"en-US\",\"@id\":\"https:\/\/www.seikkailupuistohuikia.fi\/#\/schema\/logo\/image\/\",\"url\":\"http:\/\/www.seikkailupuistohuikia.fi\/wp-content\/uploads\/2017\/04\/huikia-logo.png\",\"contentUrl\":\"http:\/\/www.seikkailupuistohuikia.fi\/wp-content\/uploads\/2017\/04\/huikia-logo.png\",\"width\":255,\"height\":96,\"caption\":\"Seikkailupuisto Huikia Oy\"},\"image\":{\"@id\":\"https:\/\/www.seikkailupuistohuikia.fi\/#\/schema\/logo\/image\/\"},\"sameAs\":[\"https:\/\/www.facebook.com\/seikkailupuistohuikia\/\",\"https:\/\/www.instagram.com\/seikkailupuistohuikia\/\",\"https:\/\/www.youtube.com\/channel\/UCGHY7F3dmf9fOM4bDguBNxQ\"]}]}<\/script>\n<!-- \/ Yoast SEO plugin. -->","yoast_head_json":{"title":"Seikkailupuisto Huikia Oulussa - Hinnasto","description":"Seikkailupuisto Huikian kertalippu oikeuttaa k\u00e4ytt\u00e4m\u00e4\u00e4n seikkailupuiston ratoja yhten\u00e4 p\u00e4iv\u00e4n\u00e4 puiston aukioloaikana. Tervetuloa!","robots":{"index":"index","follow":"follow","max-snippet":"max-snippet:-1","max-image-preview":"max-image-preview:large","max-video-preview":"max-video-preview:-1"},"canonical":"https:\/\/www.seikkailupuistohuikia.fi\/en\/seikkailijoille\/hinnasto\/","og_locale":"en_US","og_type":"article","og_title":"Seikkailupuisto Huikia Oulussa - Hinnasto","og_description":"Seikkailupuisto Huikian kertalippu oikeuttaa k\u00e4ytt\u00e4m\u00e4\u00e4n seikkailupuiston ratoja yhten\u00e4 p\u00e4iv\u00e4n\u00e4 puiston aukioloaikana. Tervetuloa!","og_url":"https:\/\/www.seikkailupuistohuikia.fi\/en\/seikkailijoille\/hinnasto\/","og_site_name":"Seikkailupuisto Huikia","article_publisher":"https:\/\/www.facebook.com\/seikkailupuistohuikia\/","article_modified_time":"2023-10-13T10:27:56+00:00","twitter_card":"summary_large_image","twitter_misc":{"Est. reading time":"2 minutes"},"schema":{"@context":"https:\/\/schema.org","@graph":[{"@type":"WebPage","@id":"https:\/\/www.seikkailupuistohuikia.fi\/en\/seikkailijoille\/hinnasto\/","url":"https:\/\/www.seikkailupuistohuikia.fi\/en\/seikkailijoille\/hinnasto\/","name":"Seikkailupuisto Huikia Oulussa - Hinnasto","isPartOf":{"@id":"https:\/\/www.seikkailupuistohuikia.fi\/#website"},"datePublished":"2017-04-07T05:31:45+00:00","dateModified":"2023-10-13T10:27:56+00:00","description":"Seikkailupuisto Huikian kertalippu oikeuttaa k\u00e4ytt\u00e4m\u00e4\u00e4n seikkailupuiston ratoja yhten\u00e4 p\u00e4iv\u00e4n\u00e4 puiston aukioloaikana. Tervetuloa!","breadcrumb":{"@id":"https:\/\/www.seikkailupuistohuikia.fi\/en\/seikkailijoille\/hinnasto\/#breadcrumb"},"inLanguage":"en-US","potentialAction":[{"@type":"ReadAction","target":["https:\/\/www.seikkailupuistohuikia.fi\/en\/seikkailijoille\/hinnasto\/"]}]},{"@type":"BreadcrumbList","@id":"https:\/\/www.seikkailupuistohuikia.fi\/en\/seikkailijoille\/hinnasto\/#breadcrumb","itemListElement":[{"@type":"ListItem","position":1,"name":"Home","item":"https:\/\/www.seikkailupuistohuikia.fi\/en\/"},{"@type":"ListItem","position":2,"name":"For the adventurer","item":"https:\/\/www.seikkailupuistohuikia.fi\/en\/seikkailijoille\/"},{"@type":"ListItem","position":3,"name":"Prices"}]},{"@type":"WebSite","@id":"https:\/\/www.seikkailupuistohuikia.fi\/#website","url":"https:\/\/www.seikkailupuistohuikia.fi\/","name":"Seikkailupuisto Huikia","description":"Seikkailupuisto","publisher":{"@id":"https:\/\/www.seikkailupuistohuikia.fi\/#organization"},"potentialAction":[{"@type":"SearchAction","target":{"@type":"EntryPoint","urlTemplate":"https:\/\/www.seikkailupuistohuikia.fi\/?s={search_term_string}"},"query-input":"required name=search_term_string"}],"inLanguage":"en-US"},{"@type":"Organization","@id":"https:\/\/www.seikkailupuistohuikia.fi\/#organization","name":"Seikkailupuisto Huikia Oy","url":"https:\/\/www.seikkailupuistohuikia.fi\/","logo":{"@type":"ImageObject","inLanguage":"en-US","@id":"https:\/\/www.seikkailupuistohuikia.fi\/#\/schema\/logo\/image\/","url":"http:\/\/www.seikkailupuistohuikia.fi\/wp-content\/uploads\/2017\/04\/huikia-logo.png","contentUrl":"http:\/\/www.seikkailupuistohuikia.fi\/wp-content\/uploads\/2017\/04\/huikia-logo.png","width":255,"height":96,"caption":"Seikkailupuisto Huikia Oy"},"image":{"@id":"https:\/\/www.seikkailupuistohuikia.fi\/#\/schema\/logo\/image\/"},"sameAs":["https:\/\/www.facebook.com\/seikkailupuistohuikia\/","https:\/\/www.instagram.com\/seikkailupuistohuikia\/","https:\/\/www.youtube.com\/channel\/UCGHY7F3dmf9fOM4bDguBNxQ"]}]}},"_links":{"self":[{"href":"https:\/\/www.seikkailupuistohuikia.fi\/en\/wp-json\/wp\/v2\/pages\/645\/"}],"collection":[{"href":"https:\/\/www.seikkailupuistohuikia.fi\/en\/wp-json\/wp\/v2\/pages\/"}],"about":[{"href":"https:\/\/www.seikkailupuistohuikia.fi\/en\/wp-json\/wp\/v2\/types\/page\/"}],"author":[{"embeddable":true,"href":"https:\/\/www.seikkailupuistohuikia.fi\/en\/wp-json\/wp\/v2\/users\/1\/"}],"replies":[{"embeddable":true,"href":"https:\/\/www.seikkailupuistohuikia.fi\/en\/wp-json\/wp\/v2\/comments\/?post=645"}],"version-history":[{"count":7,"href":"https:\/\/www.seikkailupuistohuikia.fi\/en\/wp-json\/wp\/v2\/pages\/645\/revisions\/"}],"predecessor-version":[{"id":1033,"href":"https:\/\/www.seikkailupuistohuikia.fi\/en\/wp-json\/wp\/v2\/pages\/645\/revisions\/1033\/"}],"up":[{"embeddable":true,"href":"https:\/\/www.seikkailupuistohuikia.fi\/en\/wp-json\/wp\/v2\/pages\/614\/"}],"wp:attachment":[{"href":"https:\/\/www.seikkailupuistohuikia.fi\/en\/wp-json\/wp\/v2\/media\/?parent=645"}],"curies":[{"name":"wp","href":"https:\/\/api.w.org\/{rel}","templated":true}]}}