{"id":634,"date":"2017-01-27T12:01:43","date_gmt":"2017-01-27T10:01:43","guid":{"rendered":"http:\/\/www.seikkailupuistohuikia.fi\/seikkailijoille\/ryhmat-ja-yritykset\/"},"modified":"2017-01-27T12:01:43","modified_gmt":"2017-01-27T10:01:43","slug":"ryhmat-ja-yritykset","status":"publish","type":"page","link":"https:\/\/www.seikkailupuistohuikia.fi\/en\/seikkailijoille\/ryhmat-ja-yritykset\/","title":{"rendered":"Ryhm\u00e4t ja yritykset"},"content":{"rendered":"<h2>Isommallakin porukalla mahtuu!<\/h2>\n<p>Onko tiimiss\u00e4si hurjap\u00e4it\u00e4, tsemppareita tai vaikkapa itsens\u00e4 ylitt\u00e4ji\u00e4? Kaikkea silt\u00e4 v\u00e4lilt\u00e4? T\u00e4m\u00e4 seikkailu vie koko porukalta jalat irti maasta ja katseet yl\u00e4ilmoihin!\u00a0Ota yhteytt\u00e4 ja r\u00e4\u00e4t\u00e4l\u00f6id\u00e4\u00e4n seikkailu juuri teille sopivaksi. T\u00e4m\u00e4 p\u00e4iv\u00e4 ei varmasti unohdu kelt\u00e4\u00e4n!<\/p>\n<p>Seikkailupuisto Huikiassa voit viett\u00e4\u00e4 polttareita ja syntt\u00e4reit\u00e4 sek\u00e4 j\u00e4rjest\u00e4\u00e4 erilaisia yritys-, yhdistys- ja yksityistilaisuuksia.\u00a0Virkistys-, tiimi- tai tykyp\u00e4iv\u00e4 Huikiassa tarjoaa kunnon annoksen raikasta energiaa luonnonhelmassa.<\/p>\n<p>Kouluille Seikkailupuisto Huikia on reipas ja el\u00e4myksellinen luokkaretkikohde.\u00a0Huikia seikkailu kehitt\u00e4\u00e4 tasapainoa, ketteryytt\u00e4, ongelmanratkaisukyky\u00e4 ja\u00a0auttaa voittamaan korkean paikan kammon miellytt\u00e4v\u00e4ll\u00e4 tavalla.<\/p>\n<p>Ryhmille suunnatut seikkilupaketit tulevat myyntiin kev\u00e4\u00e4n aikana.<br \/>\nKysy lis\u00e4\u00e4: myynti@seikkailupuistohuikia.fi<\/p>\n","protected":false},"excerpt":{"rendered":"<p>Isommallakin porukalla mahtuu! Onko tiimiss\u00e4si hurjap\u00e4it\u00e4, tsemppareita tai vaikkapa itsens\u00e4 ylitt\u00e4ji\u00e4? Kaikkea silt\u00e4 v\u00e4lilt\u00e4? T\u00e4m\u00e4 seikkailu vie koko porukalta jalat irti maasta ja katseet yl\u00e4ilmoihin!\u00a0Ota yhteytt\u00e4 ja r\u00e4\u00e4t\u00e4l\u00f6id\u00e4\u00e4n seikkailu juuri teille sopivaksi. T\u00e4m\u00e4 p\u00e4iv\u00e4 ei varmasti unohdu kelt\u00e4\u00e4n! Seikkailupuisto Huikiassa voit viett\u00e4\u00e4 polttareita ja syntt\u00e4reit\u00e4 sek\u00e4 j\u00e4rjest\u00e4\u00e4 erilaisia yritys-, yhdistys- ja yksityistilaisuuksia.\u00a0Virkistys-, tiimi- tai tykyp\u00e4iv\u00e4 [&hellip;]<\/p>\n","protected":false},"author":1,"featured_media":0,"parent":614,"menu_order":11,"comment_status":"closed","ping_status":"closed","template":"","meta":[],"acf":[],"yoast_head":"<!-- This site is optimized with the Yoast SEO plugin v20.7 - https:\/\/yoast.com\/wordpress\/plugins\/seo\/ -->\n<title>Seikkailupuisto Huikia Oulussa - Ryhm\u00e4t ja yritykset<\/title>\n<meta name=\"description\" content=\"Seikkailupuisto Huikiassa voit viett\u00e4\u00e4 polttareita ja syntt\u00e4reit\u00e4 sek\u00e4 j\u00e4rjest\u00e4\u00e4 erilaisia yritys-, yhdistys- ja yksityistilaisuuksia.\" \/>\n<meta name=\"robots\" content=\"index, follow, max-snippet:-1, max-image-preview:large, max-video-preview:-1\" \/>\n<link rel=\"canonical\" href=\"https:\/\/www.seikkailupuistohuikia.fi\/en\/seikkailijoille\/ryhmat-ja-yritykset\/\" \/>\n<meta property=\"og:locale\" content=\"en_US\" \/>\n<meta property=\"og:type\" content=\"article\" \/>\n<meta property=\"og:title\" content=\"Seikkailupuisto Huikia Oulussa - Ryhm\u00e4t ja yritykset\" \/>\n<meta property=\"og:description\" content=\"Seikkailupuisto Huikiassa voit viett\u00e4\u00e4 polttareita ja syntt\u00e4reit\u00e4 sek\u00e4 j\u00e4rjest\u00e4\u00e4 erilaisia yritys-, yhdistys- ja yksityistilaisuuksia.\" \/>\n<meta property=\"og:url\" content=\"https:\/\/www.seikkailupuistohuikia.fi\/en\/seikkailijoille\/ryhmat-ja-yritykset\/\" \/>\n<meta property=\"og:site_name\" content=\"Seikkailupuisto Huikia\" \/>\n<meta property=\"article:publisher\" content=\"https:\/\/www.facebook.com\/seikkailupuistohuikia\/\" \/>\n<meta name=\"twitter:card\" content=\"summary_large_image\" \/>\n<meta name=\"twitter:label1\" content=\"Est. reading time\" \/>\n\t<meta name=\"twitter:data1\" content=\"1 minute\" \/>\n<script type=\"application\/ld+json\" class=\"yoast-schema-graph\">{\"@context\":\"https:\/\/schema.org\",\"@graph\":[{\"@type\":\"WebPage\",\"@id\":\"https:\/\/www.seikkailupuistohuikia.fi\/en\/seikkailijoille\/ryhmat-ja-yritykset\/\",\"url\":\"https:\/\/www.seikkailupuistohuikia.fi\/en\/seikkailijoille\/ryhmat-ja-yritykset\/\",\"name\":\"Seikkailupuisto Huikia Oulussa - Ryhm\u00e4t ja yritykset\",\"isPartOf\":{\"@id\":\"https:\/\/www.seikkailupuistohuikia.fi\/#website\"},\"datePublished\":\"2017-01-27T10:01:43+00:00\",\"dateModified\":\"2017-01-27T10:01:43+00:00\",\"description\":\"Seikkailupuisto Huikiassa voit viett\u00e4\u00e4 polttareita ja syntt\u00e4reit\u00e4 sek\u00e4 j\u00e4rjest\u00e4\u00e4 erilaisia yritys-, yhdistys- ja yksityistilaisuuksia.\",\"breadcrumb\":{\"@id\":\"https:\/\/www.seikkailupuistohuikia.fi\/en\/seikkailijoille\/ryhmat-ja-yritykset\/#breadcrumb\"},\"inLanguage\":\"en-US\",\"potentialAction\":[{\"@type\":\"ReadAction\",\"target\":[\"https:\/\/www.seikkailupuistohuikia.fi\/en\/seikkailijoille\/ryhmat-ja-yritykset\/\"]}]},{\"@type\":\"BreadcrumbList\",\"@id\":\"https:\/\/www.seikkailupuistohuikia.fi\/en\/seikkailijoille\/ryhmat-ja-yritykset\/#breadcrumb\",\"itemListElement\":[{\"@type\":\"ListItem\",\"position\":1,\"name\":\"Home\",\"item\":\"https:\/\/www.seikkailupuistohuikia.fi\/en\/\"},{\"@type\":\"ListItem\",\"position\":2,\"name\":\"For the adventurer\",\"item\":\"https:\/\/www.seikkailupuistohuikia.fi\/en\/seikkailijoille\/\"},{\"@type\":\"ListItem\",\"position\":3,\"name\":\"Ryhm\u00e4t ja yritykset\"}]},{\"@type\":\"WebSite\",\"@id\":\"https:\/\/www.seikkailupuistohuikia.fi\/#website\",\"url\":\"https:\/\/www.seikkailupuistohuikia.fi\/\",\"name\":\"Seikkailupuisto Huikia\",\"description\":\"Seikkailupuisto\",\"publisher\":{\"@id\":\"https:\/\/www.seikkailupuistohuikia.fi\/#organization\"},\"potentialAction\":[{\"@type\":\"SearchAction\",\"target\":{\"@type\":\"EntryPoint\",\"urlTemplate\":\"https:\/\/www.seikkailupuistohuikia.fi\/?s={search_term_string}\"},\"query-input\":\"required name=search_term_string\"}],\"inLanguage\":\"en-US\"},{\"@type\":\"Organization\",\"@id\":\"https:\/\/www.seikkailupuistohuikia.fi\/#organization\",\"name\":\"Seikkailupuisto Huikia Oy\",\"url\":\"https:\/\/www.seikkailupuistohuikia.fi\/\",\"logo\":{\"@type\":\"ImageObject\",\"inLanguage\":\"en-US\",\"@id\":\"https:\/\/www.seikkailupuistohuikia.fi\/#\/schema\/logo\/image\/\",\"url\":\"http:\/\/www.seikkailupuistohuikia.fi\/wp-content\/uploads\/2017\/04\/huikia-logo.png\",\"contentUrl\":\"http:\/\/www.seikkailupuistohuikia.fi\/wp-content\/uploads\/2017\/04\/huikia-logo.png\",\"width\":255,\"height\":96,\"caption\":\"Seikkailupuisto Huikia Oy\"},\"image\":{\"@id\":\"https:\/\/www.seikkailupuistohuikia.fi\/#\/schema\/logo\/image\/\"},\"sameAs\":[\"https:\/\/www.facebook.com\/seikkailupuistohuikia\/\",\"https:\/\/www.instagram.com\/seikkailupuistohuikia\/\",\"https:\/\/www.youtube.com\/channel\/UCGHY7F3dmf9fOM4bDguBNxQ\"]}]}<\/script>\n<!-- \/ Yoast SEO plugin. -->","yoast_head_json":{"title":"Seikkailupuisto Huikia Oulussa - Ryhm\u00e4t ja yritykset","description":"Seikkailupuisto Huikiassa voit viett\u00e4\u00e4 polttareita ja syntt\u00e4reit\u00e4 sek\u00e4 j\u00e4rjest\u00e4\u00e4 erilaisia yritys-, yhdistys- ja yksityistilaisuuksia.","robots":{"index":"index","follow":"follow","max-snippet":"max-snippet:-1","max-image-preview":"max-image-preview:large","max-video-preview":"max-video-preview:-1"},"canonical":"https:\/\/www.seikkailupuistohuikia.fi\/en\/seikkailijoille\/ryhmat-ja-yritykset\/","og_locale":"en_US","og_type":"article","og_title":"Seikkailupuisto Huikia Oulussa - Ryhm\u00e4t ja yritykset","og_description":"Seikkailupuisto Huikiassa voit viett\u00e4\u00e4 polttareita ja syntt\u00e4reit\u00e4 sek\u00e4 j\u00e4rjest\u00e4\u00e4 erilaisia yritys-, yhdistys- ja yksityistilaisuuksia.","og_url":"https:\/\/www.seikkailupuistohuikia.fi\/en\/seikkailijoille\/ryhmat-ja-yritykset\/","og_site_name":"Seikkailupuisto Huikia","article_publisher":"https:\/\/www.facebook.com\/seikkailupuistohuikia\/","twitter_card":"summary_large_image","twitter_misc":{"Est. reading time":"1 minute"},"schema":{"@context":"https:\/\/schema.org","@graph":[{"@type":"WebPage","@id":"https:\/\/www.seikkailupuistohuikia.fi\/en\/seikkailijoille\/ryhmat-ja-yritykset\/","url":"https:\/\/www.seikkailupuistohuikia.fi\/en\/seikkailijoille\/ryhmat-ja-yritykset\/","name":"Seikkailupuisto Huikia Oulussa - Ryhm\u00e4t ja yritykset","isPartOf":{"@id":"https:\/\/www.seikkailupuistohuikia.fi\/#website"},"datePublished":"2017-01-27T10:01:43+00:00","dateModified":"2017-01-27T10:01:43+00:00","description":"Seikkailupuisto Huikiassa voit viett\u00e4\u00e4 polttareita ja syntt\u00e4reit\u00e4 sek\u00e4 j\u00e4rjest\u00e4\u00e4 erilaisia yritys-, yhdistys- ja yksityistilaisuuksia.","breadcrumb":{"@id":"https:\/\/www.seikkailupuistohuikia.fi\/en\/seikkailijoille\/ryhmat-ja-yritykset\/#breadcrumb"},"inLanguage":"en-US","potentialAction":[{"@type":"ReadAction","target":["https:\/\/www.seikkailupuistohuikia.fi\/en\/seikkailijoille\/ryhmat-ja-yritykset\/"]}]},{"@type":"BreadcrumbList","@id":"https:\/\/www.seikkailupuistohuikia.fi\/en\/seikkailijoille\/ryhmat-ja-yritykset\/#breadcrumb","itemListElement":[{"@type":"ListItem","position":1,"name":"Home","item":"https:\/\/www.seikkailupuistohuikia.fi\/en\/"},{"@type":"ListItem","position":2,"name":"For the adventurer","item":"https:\/\/www.seikkailupuistohuikia.fi\/en\/seikkailijoille\/"},{"@type":"ListItem","position":3,"name":"Ryhm\u00e4t ja yritykset"}]},{"@type":"WebSite","@id":"https:\/\/www.seikkailupuistohuikia.fi\/#website","url":"https:\/\/www.seikkailupuistohuikia.fi\/","name":"Seikkailupuisto Huikia","description":"Seikkailupuisto","publisher":{"@id":"https:\/\/www.seikkailupuistohuikia.fi\/#organization"},"potentialAction":[{"@type":"SearchAction","target":{"@type":"EntryPoint","urlTemplate":"https:\/\/www.seikkailupuistohuikia.fi\/?s={search_term_string}"},"query-input":"required name=search_term_string"}],"inLanguage":"en-US"},{"@type":"Organization","@id":"https:\/\/www.seikkailupuistohuikia.fi\/#organization","name":"Seikkailupuisto Huikia Oy","url":"https:\/\/www.seikkailupuistohuikia.fi\/","logo":{"@type":"ImageObject","inLanguage":"en-US","@id":"https:\/\/www.seikkailupuistohuikia.fi\/#\/schema\/logo\/image\/","url":"http:\/\/www.seikkailupuistohuikia.fi\/wp-content\/uploads\/2017\/04\/huikia-logo.png","contentUrl":"http:\/\/www.seikkailupuistohuikia.fi\/wp-content\/uploads\/2017\/04\/huikia-logo.png","width":255,"height":96,"caption":"Seikkailupuisto Huikia Oy"},"image":{"@id":"https:\/\/www.seikkailupuistohuikia.fi\/#\/schema\/logo\/image\/"},"sameAs":["https:\/\/www.facebook.com\/seikkailupuistohuikia\/","https:\/\/www.instagram.com\/seikkailupuistohuikia\/","https:\/\/www.youtube.com\/channel\/UCGHY7F3dmf9fOM4bDguBNxQ"]}]}},"_links":{"self":[{"href":"https:\/\/www.seikkailupuistohuikia.fi\/en\/wp-json\/wp\/v2\/pages\/634\/"}],"collection":[{"href":"https:\/\/www.seikkailupuistohuikia.fi\/en\/wp-json\/wp\/v2\/pages\/"}],"about":[{"href":"https:\/\/www.seikkailupuistohuikia.fi\/en\/wp-json\/wp\/v2\/types\/page\/"}],"author":[{"embeddable":true,"href":"https:\/\/www.seikkailupuistohuikia.fi\/en\/wp-json\/wp\/v2\/users\/1\/"}],"replies":[{"embeddable":true,"href":"https:\/\/www.seikkailupuistohuikia.fi\/en\/wp-json\/wp\/v2\/comments\/?post=634"}],"version-history":[{"count":1,"href":"https:\/\/www.seikkailupuistohuikia.fi\/en\/wp-json\/wp\/v2\/pages\/634\/revisions\/"}],"predecessor-version":[{"id":635,"href":"https:\/\/www.seikkailupuistohuikia.fi\/en\/wp-json\/wp\/v2\/pages\/634\/revisions\/635\/"}],"up":[{"embeddable":true,"href":"https:\/\/www.seikkailupuistohuikia.fi\/en\/wp-json\/wp\/v2\/pages\/614\/"}],"wp:attachment":[{"href":"https:\/\/www.seikkailupuistohuikia.fi\/en\/wp-json\/wp\/v2\/media\/?parent=634"}],"curies":[{"name":"wp","href":"https:\/\/api.w.org\/{rel}","templated":true}]}}