{"id":630,"date":"2017-01-30T09:54:51","date_gmt":"2017-01-30T07:54:51","guid":{"rendered":"http:\/\/www.seikkailupuistohuikia.fi\/turvallisuus\/"},"modified":"2018-06-27T11:29:58","modified_gmt":"2018-06-27T08:29:58","slug":"turvallisuus","status":"publish","type":"page","link":"https:\/\/www.seikkailupuistohuikia.fi\/en\/turvallisuus\/","title":{"rendered":"Safety"},"content":{"rendered":"<h2>Safe adventures at Huikia<\/h2>\n<ul>\n<li>All equipment used is appropriate and ensures safety of the adventurer.<\/li>\n<li>A German inspection unit TUV had completed the standard SFS\/EN 15567-1 The park has been approved and received a CE-grade.<\/li>\n<li>All of our staff has completed the ERCA (European Ropes Course Association) official adventure instructor and rescue training.<\/li>\n<li>We perform standard inspections annually, such as<\/li>\n<li>Customers us full-body harnesses with alternating safety lock carabiners on adventures<\/li>\n<li>An adventurer who follows the rules of the park is connected to the safety wire, which guarantees a safe and fun adventure.<\/li>\n<li>An adventure in the nature has some restrictions, and may require the park to be partially or completely closed at times. In this case, purchased tickets will not be changed or reimbursed.<\/li>\n<li>Closure of the tracks reasons:\n<ul>\n<li>Strong wind (10,8-13,8 m\/s)<\/li>\n<li>Thunderstorm<\/li>\n<\/ul>\n<\/li>\n<\/ul>\n","protected":false},"excerpt":{"rendered":"<p>Safe adventures at Huikia All equipment used is appropriate and ensures safety of the adventurer. A German inspection unit TUV had completed the standard SFS\/EN 15567-1 The park has been approved and received a CE-grade. All of our staff has completed the ERCA (European Ropes Course Association) official adventure instructor and rescue training. We perform [&hellip;]<\/p>\n","protected":false},"author":1,"featured_media":0,"parent":0,"menu_order":14,"comment_status":"closed","ping_status":"closed","template":"","meta":[],"acf":[],"yoast_head":"<!-- This site is optimized with the Yoast SEO plugin v20.7 - https:\/\/yoast.com\/wordpress\/plugins\/seo\/ -->\n<title>Seikkailupuisto Huikia Oulussa - Huikiassa seikkailet turvallisesti<\/title>\n<meta name=\"description\" content=\"Huikiassa seikkailet turvallisesti. Kaikki k\u00e4ytett\u00e4v\u00e4t v\u00e4lineet ovat asianmukaisia asiakkaiden turvallisuuden takaamiseksi.\" \/>\n<meta name=\"robots\" content=\"index, follow, max-snippet:-1, max-image-preview:large, max-video-preview:-1\" \/>\n<link rel=\"canonical\" href=\"https:\/\/www.seikkailupuistohuikia.fi\/en\/turvallisuus\/\" \/>\n<meta property=\"og:locale\" content=\"en_US\" \/>\n<meta property=\"og:type\" content=\"article\" \/>\n<meta property=\"og:title\" content=\"Seikkailupuisto Huikia Oulussa - Huikiassa seikkailet turvallisesti\" \/>\n<meta property=\"og:description\" content=\"Huikiassa seikkailet turvallisesti. Kaikki k\u00e4ytett\u00e4v\u00e4t v\u00e4lineet ovat asianmukaisia asiakkaiden turvallisuuden takaamiseksi.\" \/>\n<meta property=\"og:url\" content=\"https:\/\/www.seikkailupuistohuikia.fi\/en\/turvallisuus\/\" \/>\n<meta property=\"og:site_name\" content=\"Seikkailupuisto Huikia\" \/>\n<meta property=\"article:publisher\" content=\"https:\/\/www.facebook.com\/seikkailupuistohuikia\/\" \/>\n<meta property=\"article:modified_time\" content=\"2018-06-27T08:29:58+00:00\" \/>\n<meta name=\"twitter:card\" content=\"summary_large_image\" \/>\n<meta name=\"twitter:label1\" content=\"Est. reading time\" \/>\n\t<meta name=\"twitter:data1\" content=\"1 minute\" \/>\n<script type=\"application\/ld+json\" class=\"yoast-schema-graph\">{\"@context\":\"https:\/\/schema.org\",\"@graph\":[{\"@type\":\"WebPage\",\"@id\":\"https:\/\/www.seikkailupuistohuikia.fi\/en\/turvallisuus\/\",\"url\":\"https:\/\/www.seikkailupuistohuikia.fi\/en\/turvallisuus\/\",\"name\":\"Seikkailupuisto Huikia Oulussa - Huikiassa seikkailet turvallisesti\",\"isPartOf\":{\"@id\":\"https:\/\/www.seikkailupuistohuikia.fi\/#website\"},\"datePublished\":\"2017-01-30T07:54:51+00:00\",\"dateModified\":\"2018-06-27T08:29:58+00:00\",\"description\":\"Huikiassa seikkailet turvallisesti. Kaikki k\u00e4ytett\u00e4v\u00e4t v\u00e4lineet ovat asianmukaisia asiakkaiden turvallisuuden takaamiseksi.\",\"breadcrumb\":{\"@id\":\"https:\/\/www.seikkailupuistohuikia.fi\/en\/turvallisuus\/#breadcrumb\"},\"inLanguage\":\"en-US\",\"potentialAction\":[{\"@type\":\"ReadAction\",\"target\":[\"https:\/\/www.seikkailupuistohuikia.fi\/en\/turvallisuus\/\"]}]},{\"@type\":\"BreadcrumbList\",\"@id\":\"https:\/\/www.seikkailupuistohuikia.fi\/en\/turvallisuus\/#breadcrumb\",\"itemListElement\":[{\"@type\":\"ListItem\",\"position\":1,\"name\":\"Home\",\"item\":\"https:\/\/www.seikkailupuistohuikia.fi\/en\/\"},{\"@type\":\"ListItem\",\"position\":2,\"name\":\"Safety\"}]},{\"@type\":\"WebSite\",\"@id\":\"https:\/\/www.seikkailupuistohuikia.fi\/#website\",\"url\":\"https:\/\/www.seikkailupuistohuikia.fi\/\",\"name\":\"Seikkailupuisto Huikia\",\"description\":\"Seikkailupuisto\",\"publisher\":{\"@id\":\"https:\/\/www.seikkailupuistohuikia.fi\/#organization\"},\"potentialAction\":[{\"@type\":\"SearchAction\",\"target\":{\"@type\":\"EntryPoint\",\"urlTemplate\":\"https:\/\/www.seikkailupuistohuikia.fi\/?s={search_term_string}\"},\"query-input\":\"required name=search_term_string\"}],\"inLanguage\":\"en-US\"},{\"@type\":\"Organization\",\"@id\":\"https:\/\/www.seikkailupuistohuikia.fi\/#organization\",\"name\":\"Seikkailupuisto Huikia Oy\",\"url\":\"https:\/\/www.seikkailupuistohuikia.fi\/\",\"logo\":{\"@type\":\"ImageObject\",\"inLanguage\":\"en-US\",\"@id\":\"https:\/\/www.seikkailupuistohuikia.fi\/#\/schema\/logo\/image\/\",\"url\":\"http:\/\/www.seikkailupuistohuikia.fi\/wp-content\/uploads\/2017\/04\/huikia-logo.png\",\"contentUrl\":\"http:\/\/www.seikkailupuistohuikia.fi\/wp-content\/uploads\/2017\/04\/huikia-logo.png\",\"width\":255,\"height\":96,\"caption\":\"Seikkailupuisto Huikia Oy\"},\"image\":{\"@id\":\"https:\/\/www.seikkailupuistohuikia.fi\/#\/schema\/logo\/image\/\"},\"sameAs\":[\"https:\/\/www.facebook.com\/seikkailupuistohuikia\/\",\"https:\/\/www.instagram.com\/seikkailupuistohuikia\/\",\"https:\/\/www.youtube.com\/channel\/UCGHY7F3dmf9fOM4bDguBNxQ\"]}]}<\/script>\n<!-- \/ Yoast SEO plugin. -->","yoast_head_json":{"title":"Seikkailupuisto Huikia Oulussa - Huikiassa seikkailet turvallisesti","description":"Huikiassa seikkailet turvallisesti. Kaikki k\u00e4ytett\u00e4v\u00e4t v\u00e4lineet ovat asianmukaisia asiakkaiden turvallisuuden takaamiseksi.","robots":{"index":"index","follow":"follow","max-snippet":"max-snippet:-1","max-image-preview":"max-image-preview:large","max-video-preview":"max-video-preview:-1"},"canonical":"https:\/\/www.seikkailupuistohuikia.fi\/en\/turvallisuus\/","og_locale":"en_US","og_type":"article","og_title":"Seikkailupuisto Huikia Oulussa - Huikiassa seikkailet turvallisesti","og_description":"Huikiassa seikkailet turvallisesti. Kaikki k\u00e4ytett\u00e4v\u00e4t v\u00e4lineet ovat asianmukaisia asiakkaiden turvallisuuden takaamiseksi.","og_url":"https:\/\/www.seikkailupuistohuikia.fi\/en\/turvallisuus\/","og_site_name":"Seikkailupuisto Huikia","article_publisher":"https:\/\/www.facebook.com\/seikkailupuistohuikia\/","article_modified_time":"2018-06-27T08:29:58+00:00","twitter_card":"summary_large_image","twitter_misc":{"Est. reading time":"1 minute"},"schema":{"@context":"https:\/\/schema.org","@graph":[{"@type":"WebPage","@id":"https:\/\/www.seikkailupuistohuikia.fi\/en\/turvallisuus\/","url":"https:\/\/www.seikkailupuistohuikia.fi\/en\/turvallisuus\/","name":"Seikkailupuisto Huikia Oulussa - Huikiassa seikkailet turvallisesti","isPartOf":{"@id":"https:\/\/www.seikkailupuistohuikia.fi\/#website"},"datePublished":"2017-01-30T07:54:51+00:00","dateModified":"2018-06-27T08:29:58+00:00","description":"Huikiassa seikkailet turvallisesti. Kaikki k\u00e4ytett\u00e4v\u00e4t v\u00e4lineet ovat asianmukaisia asiakkaiden turvallisuuden takaamiseksi.","breadcrumb":{"@id":"https:\/\/www.seikkailupuistohuikia.fi\/en\/turvallisuus\/#breadcrumb"},"inLanguage":"en-US","potentialAction":[{"@type":"ReadAction","target":["https:\/\/www.seikkailupuistohuikia.fi\/en\/turvallisuus\/"]}]},{"@type":"BreadcrumbList","@id":"https:\/\/www.seikkailupuistohuikia.fi\/en\/turvallisuus\/#breadcrumb","itemListElement":[{"@type":"ListItem","position":1,"name":"Home","item":"https:\/\/www.seikkailupuistohuikia.fi\/en\/"},{"@type":"ListItem","position":2,"name":"Safety"}]},{"@type":"WebSite","@id":"https:\/\/www.seikkailupuistohuikia.fi\/#website","url":"https:\/\/www.seikkailupuistohuikia.fi\/","name":"Seikkailupuisto Huikia","description":"Seikkailupuisto","publisher":{"@id":"https:\/\/www.seikkailupuistohuikia.fi\/#organization"},"potentialAction":[{"@type":"SearchAction","target":{"@type":"EntryPoint","urlTemplate":"https:\/\/www.seikkailupuistohuikia.fi\/?s={search_term_string}"},"query-input":"required name=search_term_string"}],"inLanguage":"en-US"},{"@type":"Organization","@id":"https:\/\/www.seikkailupuistohuikia.fi\/#organization","name":"Seikkailupuisto Huikia Oy","url":"https:\/\/www.seikkailupuistohuikia.fi\/","logo":{"@type":"ImageObject","inLanguage":"en-US","@id":"https:\/\/www.seikkailupuistohuikia.fi\/#\/schema\/logo\/image\/","url":"http:\/\/www.seikkailupuistohuikia.fi\/wp-content\/uploads\/2017\/04\/huikia-logo.png","contentUrl":"http:\/\/www.seikkailupuistohuikia.fi\/wp-content\/uploads\/2017\/04\/huikia-logo.png","width":255,"height":96,"caption":"Seikkailupuisto Huikia Oy"},"image":{"@id":"https:\/\/www.seikkailupuistohuikia.fi\/#\/schema\/logo\/image\/"},"sameAs":["https:\/\/www.facebook.com\/seikkailupuistohuikia\/","https:\/\/www.instagram.com\/seikkailupuistohuikia\/","https:\/\/www.youtube.com\/channel\/UCGHY7F3dmf9fOM4bDguBNxQ"]}]}},"_links":{"self":[{"href":"https:\/\/www.seikkailupuistohuikia.fi\/en\/wp-json\/wp\/v2\/pages\/630\/"}],"collection":[{"href":"https:\/\/www.seikkailupuistohuikia.fi\/en\/wp-json\/wp\/v2\/pages\/"}],"about":[{"href":"https:\/\/www.seikkailupuistohuikia.fi\/en\/wp-json\/wp\/v2\/types\/page\/"}],"author":[{"embeddable":true,"href":"https:\/\/www.seikkailupuistohuikia.fi\/en\/wp-json\/wp\/v2\/users\/1\/"}],"replies":[{"embeddable":true,"href":"https:\/\/www.seikkailupuistohuikia.fi\/en\/wp-json\/wp\/v2\/comments\/?post=630"}],"version-history":[{"count":2,"href":"https:\/\/www.seikkailupuistohuikia.fi\/en\/wp-json\/wp\/v2\/pages\/630\/revisions\/"}],"predecessor-version":[{"id":632,"href":"https:\/\/www.seikkailupuistohuikia.fi\/en\/wp-json\/wp\/v2\/pages\/630\/revisions\/632\/"}],"wp:attachment":[{"href":"https:\/\/www.seikkailupuistohuikia.fi\/en\/wp-json\/wp\/v2\/media\/?parent=630"}],"curies":[{"name":"wp","href":"https:\/\/api.w.org\/{rel}","templated":true}]}}