{"id":605,"date":"2016-11-09T09:38:41","date_gmt":"2016-11-09T07:38:41","guid":{"rendered":"http:\/\/www.seikkailupuistohuikia.fi\/etusivu\/"},"modified":"2023-06-05T08:07:12","modified_gmt":"2023-06-05T05:07:12","slug":"etusivu","status":"publish","type":"page","link":"https:\/\/www.seikkailupuistohuikia.fi\/en\/","title":{"rendered":"Home"},"content":{"rendered":"","protected":false},"excerpt":{"rendered":"","protected":false},"author":1,"featured_media":0,"parent":0,"menu_order":1,"comment_status":"closed","ping_status":"closed","template":"page-home.php","meta":[],"acf":[],"yoast_head":"<!-- This site is optimized with the Yoast SEO plugin v20.7 - https:\/\/yoast.com\/wordpress\/plugins\/seo\/ -->\n<title>Seikkailupuisto Huikia Oulussa - Haluatko kokea jotain Huikiaa?<\/title>\n<meta name=\"description\" content=\"Huikiaa seikkailua k\u00f6ysiradoilla ja l\u00e4hes 100 mukaansa tempaavaa teht\u00e4v\u00e4\u00e4 yl\u00e4ilmoissa! Seikkailupuisto Huikia Oulussa, Raksilan uimahallin vieress\u00e4.\" \/>\n<meta name=\"robots\" content=\"index, follow, max-snippet:-1, max-image-preview:large, max-video-preview:-1\" \/>\n<link rel=\"canonical\" href=\"https:\/\/www.seikkailupuistohuikia.fi\/en\/\" \/>\n<meta property=\"og:locale\" content=\"en_US\" \/>\n<meta property=\"og:type\" content=\"article\" \/>\n<meta property=\"og:title\" content=\"Seikkailupuisto Huikia Oulussa - Haluatko kokea jotain Huikiaa?\" \/>\n<meta property=\"og:description\" content=\"Huikiaa seikkailua k\u00f6ysiradoilla ja l\u00e4hes 100 mukaansa tempaavaa teht\u00e4v\u00e4\u00e4 yl\u00e4ilmoissa! Seikkailupuisto Huikia Oulussa, Raksilan uimahallin vieress\u00e4.\" \/>\n<meta property=\"og:url\" content=\"https:\/\/www.seikkailupuistohuikia.fi\/en\/\" \/>\n<meta property=\"og:site_name\" content=\"Seikkailupuisto Huikia\" \/>\n<meta property=\"article:publisher\" content=\"https:\/\/www.facebook.com\/seikkailupuistohuikia\/\" \/>\n<meta property=\"article:modified_time\" content=\"2023-06-05T05:07:12+00:00\" \/>\n<meta name=\"twitter:card\" content=\"summary_large_image\" \/>\n<script type=\"application\/ld+json\" class=\"yoast-schema-graph\">{\"@context\":\"https:\/\/schema.org\",\"@graph\":[{\"@type\":\"WebPage\",\"@id\":\"https:\/\/www.seikkailupuistohuikia.fi\/en\/\",\"url\":\"https:\/\/www.seikkailupuistohuikia.fi\/en\/\",\"name\":\"Seikkailupuisto Huikia Oulussa - Haluatko kokea jotain Huikiaa?\",\"isPartOf\":{\"@id\":\"https:\/\/www.seikkailupuistohuikia.fi\/#website\"},\"datePublished\":\"2016-11-09T07:38:41+00:00\",\"dateModified\":\"2023-06-05T05:07:12+00:00\",\"description\":\"Huikiaa seikkailua k\u00f6ysiradoilla ja l\u00e4hes 100 mukaansa tempaavaa teht\u00e4v\u00e4\u00e4 yl\u00e4ilmoissa! Seikkailupuisto Huikia Oulussa, Raksilan uimahallin vieress\u00e4.\",\"breadcrumb\":{\"@id\":\"https:\/\/www.seikkailupuistohuikia.fi\/en\/#breadcrumb\"},\"inLanguage\":\"en-US\",\"potentialAction\":[{\"@type\":\"ReadAction\",\"target\":[\"https:\/\/www.seikkailupuistohuikia.fi\/en\/\"]}]},{\"@type\":\"BreadcrumbList\",\"@id\":\"https:\/\/www.seikkailupuistohuikia.fi\/en\/#breadcrumb\",\"itemListElement\":[{\"@type\":\"ListItem\",\"position\":1,\"name\":\"Home\",\"item\":\"https:\/\/www.seikkailupuistohuikia.fi\/en\/\"},{\"@type\":\"ListItem\",\"position\":2,\"name\":\"Home\"}]},{\"@type\":\"WebSite\",\"@id\":\"https:\/\/www.seikkailupuistohuikia.fi\/#website\",\"url\":\"https:\/\/www.seikkailupuistohuikia.fi\/\",\"name\":\"Seikkailupuisto Huikia\",\"description\":\"Seikkailupuisto\",\"publisher\":{\"@id\":\"https:\/\/www.seikkailupuistohuikia.fi\/#organization\"},\"potentialAction\":[{\"@type\":\"SearchAction\",\"target\":{\"@type\":\"EntryPoint\",\"urlTemplate\":\"https:\/\/www.seikkailupuistohuikia.fi\/?s={search_term_string}\"},\"query-input\":\"required name=search_term_string\"}],\"inLanguage\":\"en-US\"},{\"@type\":\"Organization\",\"@id\":\"https:\/\/www.seikkailupuistohuikia.fi\/#organization\",\"name\":\"Seikkailupuisto Huikia Oy\",\"url\":\"https:\/\/www.seikkailupuistohuikia.fi\/\",\"logo\":{\"@type\":\"ImageObject\",\"inLanguage\":\"en-US\",\"@id\":\"https:\/\/www.seikkailupuistohuikia.fi\/#\/schema\/logo\/image\/\",\"url\":\"http:\/\/www.seikkailupuistohuikia.fi\/wp-content\/uploads\/2017\/04\/huikia-logo.png\",\"contentUrl\":\"http:\/\/www.seikkailupuistohuikia.fi\/wp-content\/uploads\/2017\/04\/huikia-logo.png\",\"width\":255,\"height\":96,\"caption\":\"Seikkailupuisto Huikia Oy\"},\"image\":{\"@id\":\"https:\/\/www.seikkailupuistohuikia.fi\/#\/schema\/logo\/image\/\"},\"sameAs\":[\"https:\/\/www.facebook.com\/seikkailupuistohuikia\/\",\"https:\/\/www.instagram.com\/seikkailupuistohuikia\/\",\"https:\/\/www.youtube.com\/channel\/UCGHY7F3dmf9fOM4bDguBNxQ\"]}]}<\/script>\n<!-- \/ Yoast SEO plugin. -->","yoast_head_json":{"title":"Seikkailupuisto Huikia Oulussa - Haluatko kokea jotain Huikiaa?","description":"Huikiaa seikkailua k\u00f6ysiradoilla ja l\u00e4hes 100 mukaansa tempaavaa teht\u00e4v\u00e4\u00e4 yl\u00e4ilmoissa! Seikkailupuisto Huikia Oulussa, Raksilan uimahallin vieress\u00e4.","robots":{"index":"index","follow":"follow","max-snippet":"max-snippet:-1","max-image-preview":"max-image-preview:large","max-video-preview":"max-video-preview:-1"},"canonical":"https:\/\/www.seikkailupuistohuikia.fi\/en\/","og_locale":"en_US","og_type":"article","og_title":"Seikkailupuisto Huikia Oulussa - Haluatko kokea jotain Huikiaa?","og_description":"Huikiaa seikkailua k\u00f6ysiradoilla ja l\u00e4hes 100 mukaansa tempaavaa teht\u00e4v\u00e4\u00e4 yl\u00e4ilmoissa! Seikkailupuisto Huikia Oulussa, Raksilan uimahallin vieress\u00e4.","og_url":"https:\/\/www.seikkailupuistohuikia.fi\/en\/","og_site_name":"Seikkailupuisto Huikia","article_publisher":"https:\/\/www.facebook.com\/seikkailupuistohuikia\/","article_modified_time":"2023-06-05T05:07:12+00:00","twitter_card":"summary_large_image","schema":{"@context":"https:\/\/schema.org","@graph":[{"@type":"WebPage","@id":"https:\/\/www.seikkailupuistohuikia.fi\/en\/","url":"https:\/\/www.seikkailupuistohuikia.fi\/en\/","name":"Seikkailupuisto Huikia Oulussa - Haluatko kokea jotain Huikiaa?","isPartOf":{"@id":"https:\/\/www.seikkailupuistohuikia.fi\/#website"},"datePublished":"2016-11-09T07:38:41+00:00","dateModified":"2023-06-05T05:07:12+00:00","description":"Huikiaa seikkailua k\u00f6ysiradoilla ja l\u00e4hes 100 mukaansa tempaavaa teht\u00e4v\u00e4\u00e4 yl\u00e4ilmoissa! Seikkailupuisto Huikia Oulussa, Raksilan uimahallin vieress\u00e4.","breadcrumb":{"@id":"https:\/\/www.seikkailupuistohuikia.fi\/en\/#breadcrumb"},"inLanguage":"en-US","potentialAction":[{"@type":"ReadAction","target":["https:\/\/www.seikkailupuistohuikia.fi\/en\/"]}]},{"@type":"BreadcrumbList","@id":"https:\/\/www.seikkailupuistohuikia.fi\/en\/#breadcrumb","itemListElement":[{"@type":"ListItem","position":1,"name":"Home","item":"https:\/\/www.seikkailupuistohuikia.fi\/en\/"},{"@type":"ListItem","position":2,"name":"Home"}]},{"@type":"WebSite","@id":"https:\/\/www.seikkailupuistohuikia.fi\/#website","url":"https:\/\/www.seikkailupuistohuikia.fi\/","name":"Seikkailupuisto Huikia","description":"Seikkailupuisto","publisher":{"@id":"https:\/\/www.seikkailupuistohuikia.fi\/#organization"},"potentialAction":[{"@type":"SearchAction","target":{"@type":"EntryPoint","urlTemplate":"https:\/\/www.seikkailupuistohuikia.fi\/?s={search_term_string}"},"query-input":"required name=search_term_string"}],"inLanguage":"en-US"},{"@type":"Organization","@id":"https:\/\/www.seikkailupuistohuikia.fi\/#organization","name":"Seikkailupuisto Huikia Oy","url":"https:\/\/www.seikkailupuistohuikia.fi\/","logo":{"@type":"ImageObject","inLanguage":"en-US","@id":"https:\/\/www.seikkailupuistohuikia.fi\/#\/schema\/logo\/image\/","url":"http:\/\/www.seikkailupuistohuikia.fi\/wp-content\/uploads\/2017\/04\/huikia-logo.png","contentUrl":"http:\/\/www.seikkailupuistohuikia.fi\/wp-content\/uploads\/2017\/04\/huikia-logo.png","width":255,"height":96,"caption":"Seikkailupuisto Huikia Oy"},"image":{"@id":"https:\/\/www.seikkailupuistohuikia.fi\/#\/schema\/logo\/image\/"},"sameAs":["https:\/\/www.facebook.com\/seikkailupuistohuikia\/","https:\/\/www.instagram.com\/seikkailupuistohuikia\/","https:\/\/www.youtube.com\/channel\/UCGHY7F3dmf9fOM4bDguBNxQ"]}]}},"_links":{"self":[{"href":"https:\/\/www.seikkailupuistohuikia.fi\/en\/wp-json\/wp\/v2\/pages\/605\/"}],"collection":[{"href":"https:\/\/www.seikkailupuistohuikia.fi\/en\/wp-json\/wp\/v2\/pages\/"}],"about":[{"href":"https:\/\/www.seikkailupuistohuikia.fi\/en\/wp-json\/wp\/v2\/types\/page\/"}],"author":[{"embeddable":true,"href":"https:\/\/www.seikkailupuistohuikia.fi\/en\/wp-json\/wp\/v2\/users\/1\/"}],"replies":[{"embeddable":true,"href":"https:\/\/www.seikkailupuistohuikia.fi\/en\/wp-json\/wp\/v2\/comments\/?post=605"}],"version-history":[{"count":13,"href":"https:\/\/www.seikkailupuistohuikia.fi\/en\/wp-json\/wp\/v2\/pages\/605\/revisions\/"}],"predecessor-version":[{"id":1022,"href":"https:\/\/www.seikkailupuistohuikia.fi\/en\/wp-json\/wp\/v2\/pages\/605\/revisions\/1022\/"}],"wp:attachment":[{"href":"https:\/\/www.seikkailupuistohuikia.fi\/en\/wp-json\/wp\/v2\/media\/?parent=605"}],"curies":[{"name":"wp","href":"https:\/\/api.w.org\/{rel}","templated":true}]}}